{"id":6214,"date":"2022-07-17T13:40:48","date_gmt":"2022-07-17T11:40:48","guid":{"rendered":"http:\/\/jeanmarcbrun.com\/?page_id=6214"},"modified":"2022-11-28T13:55:08","modified_gmt":"2022-11-28T12:55:08","slug":"conditions-dutilisation","status":"publish","type":"page","link":"https:\/\/jeanmarcbrun.com\/fr\/conditions-dutilisation\/","title":{"rendered":"Conditions d&rsquo;utilisation"},"content":{"rendered":"\n<h2 class=\"wp-block-heading\"><br><\/h2>\n\n\n\n<p>Les pr\u00e9sentes conditions d\u2019utilisation ont pour objet de d\u00e9finir les modalit\u00e9s d\u2019acc\u00e8s et d\u2019utilisation du site www.jeanmarcbrun.com propos\u00e9 aux internautes.<br>La consultation du site&nbsp;www.jeanmarcbrun.com reste subordonn\u00e9e \u00e0 l\u2019acceptation int\u00e9grale et au respect des conditions d\u2019utilisation suivantes que Jean-Marc Brun se r\u00e9serve de modifier ou de mettre \u00e0 jour \u00e0 tout moment. Dans l\u2019hypoth\u00e8se o\u00f9 vous ne seriez pas en accord avec tout ou partie des conditions d\u2019utilisation fix\u00e9es ci-apr\u00e8s, il vous est vivement recommand\u00e9 de ne pas utiliser le site.<\/p>\n\n\n\n<h2 class=\"wp-block-heading\">Acc\u00e8s au site<\/h2>\n\n\n\n<p>L\u2019acc\u00e8s au site www.jeanmarcbrun.com est possible 24 h\/24, 7 j\/ 7, sauf en cas de force majeure et sous r\u00e9serve des \u00e9ventuelles pannes et interventions de maintenance n\u00e9cessaires au bon fonctionnement du site et des mat\u00e9riels aff\u00e9rents. L\u2019acc\u00e8s au service se fait \u00e0 partir d\u2019un micro-ordinateur connect\u00e9 \u00e0 un r\u00e9seau de t\u00e9l\u00e9communication permettant l\u2019acc\u00e8s au site&nbsp;www.jeanmarcbrun.com selon les protocoles de communication utilis\u00e9s sur le r\u00e9seau d\u2019Internet.<\/p>\n\n\n\n<h2 class=\"wp-block-heading\">Droits de propri\u00e9t\u00e9 intellectuelle<\/h2>\n\n\n\n<h3 class=\"wp-block-heading\">Titularit\u00e9 des droits<\/h3>\n\n\n\n<p>Tous les \u00e9l\u00e9ments (textes, logos, images, \u00e9l\u00e9ments sonores, logiciels, ic\u00f4nes, mise en page, base de donn\u00e9es,\u2026) contenus dans le site www.jeanmarcbrun.com et dans les sites associ\u00e9s sont prot\u00e9g\u00e9s par le droit national et international de la propri\u00e9t\u00e9 intellectuelle. Ces \u00e9l\u00e9ments restent la propri\u00e9t\u00e9 exclusive de Jean-Marc Brun (pour ses photos) ou de leurs ayants droits respectifs.<\/p>\n\n\n\n<p>\u00c0 ce titre, sauf autorisation pr\u00e9alable et \u00e9crite de Jean-Marc Brun, vous ne pouvez proc\u00e9der \u00e0 une quelconque reproduction, repr\u00e9sentation, adaptation, traduction et\/ou transformation partielle ou int\u00e9grale, ou un transfert sur un autre site web de tout \u00e9l\u00e9ment composant le site www.jeanmarcbrun.com. Le non-respect de cette interdiction peut constituer un acte de contrefa\u00e7on engageant vos responsabilit\u00e9s civile et p\u00e9nale. Conform\u00e9ment aux dispositions du Code de la propri\u00e9t\u00e9 Intellectuelle, seule est autoris\u00e9e l\u2019utilisation des \u00e9l\u00e9ments composant le site\u00a0www.jeanmarcbrun.com \u00e0 des fins strictement personnelles.<\/p>\n\n\n\n<h3 class=\"wp-block-heading\">Marques<\/h3>\n\n\n\n<p>Les marques et logos reproduits sur ce site sont d\u00e9pos\u00e9s par les soci\u00e9t\u00e9s qui en sont propri\u00e9taires.<br>Toute reproduction, r\u00e9\u00e9dition ou redistribution des noms ou logos, par quelque moyen que ce soit, sans autorisation pr\u00e9alable et \u00e9crite de leur titulaire concern\u00e9 est interdite par la loi.<\/p>\n\n\n\n<h2 class=\"wp-block-heading\"><\/h2>\n\n\n\n<h2 class=\"wp-block-heading\">Limitation de responsabilit\u00e9<\/h2>\n\n\n\n<h3 class=\"wp-block-heading\">Dispositions diverses<\/h3>\n\n\n\n<p>Jean-Marc Brun se r\u00e9serve le droit de modifier et\/ou de supprimer sans pr\u00e9avis tout ou partie des Services.<br>La nullit\u00e9 en tout ou partie d\u2019une quelconque des dispositions des pr\u00e9sentes conditions d\u2019utilisation aux termes d\u2019une disposition l\u00e9gale ou r\u00e9glementaire ou d\u2019une d\u00e9cision de justice devenue d\u00e9finitive n\u2019entra\u00eene pas la nullit\u00e9 des autres dispositions ou de la partie de la disposition non entach\u00e9e de nullit\u00e9.<\/p>\n\n\n\n<p>Jean-Marc Brun se r\u00e9serve le droit de transf\u00e9rer, \u00e0 tout tiers de son choix et sous quelque forme que ce soit, les droits et obligations qu\u2019elle tient des pr\u00e9sentes Conditions d\u2019Utilisation, ce que vous reconnaissez accepter. Vous reconnaissez \u00eatre inform\u00e9 de l\u2019existence des r\u00e8gles et usages en vigueur sur Internet, connu sous le nom de \u00ab&nbsp;Netiquette&nbsp;\u00bb ainsi que des diff\u00e9rents codes de d\u00e9ontologie accessibles sur Internet.<\/p>\n\n\n\n<h3 class=\"wp-block-heading\">Comp\u00e9tence juridictionnelle et Loi applicable<\/h3>\n\n\n\n<p>Les pr\u00e9sentes conditions d\u2019utilisation sont r\u00e9gies par la loi fran\u00e7aise.<br>Toute difficult\u00e9 d\u2019interpr\u00e9tation ou d\u2019ex\u00e9cution rel\u00e8vera exclusivement des tribunaux comp\u00e9tents de Paris.<\/p>\n","protected":false},"excerpt":{"rendered":"<p>Les pr\u00e9sentes conditions d\u2019utilisation ont pour objet de d\u00e9finir les modalit\u00e9s d\u2019acc\u00e8s et d\u2019utilisation du site www.jeanmarcbrun.com propos\u00e9 aux internautes.La consultation du site&nbsp;www.jeanmarcbrun.com reste subordonn\u00e9e \u00e0 l\u2019acceptation int\u00e9grale et au respect des conditions d\u2019utilisation suivantes que Jean-Marc Brun se r\u00e9serve [&hellip;]<\/p>\n","protected":false},"author":1,"featured_media":0,"parent":0,"menu_order":0,"comment_status":"closed","ping_status":"closed","template":"","meta":{"footnotes":""},"class_list":["post-6214","page","type-page","status-publish","hentry"],"_links":{"self":[{"href":"https:\/\/jeanmarcbrun.com\/fr\/wp-json\/wp\/v2\/pages\/6214","targetHints":{"allow":["GET"]}}],"collection":[{"href":"https:\/\/jeanmarcbrun.com\/fr\/wp-json\/wp\/v2\/pages"}],"about":[{"href":"https:\/\/jeanmarcbrun.com\/fr\/wp-json\/wp\/v2\/types\/page"}],"author":[{"embeddable":true,"href":"https:\/\/jeanmarcbrun.com\/fr\/wp-json\/wp\/v2\/users\/1"}],"replies":[{"embeddable":true,"href":"https:\/\/jeanmarcbrun.com\/fr\/wp-json\/wp\/v2\/comments?post=6214"}],"version-history":[{"count":4,"href":"https:\/\/jeanmarcbrun.com\/fr\/wp-json\/wp\/v2\/pages\/6214\/revisions"}],"predecessor-version":[{"id":7035,"href":"https:\/\/jeanmarcbrun.com\/fr\/wp-json\/wp\/v2\/pages\/6214\/revisions\/7035"}],"wp:attachment":[{"href":"https:\/\/jeanmarcbrun.com\/fr\/wp-json\/wp\/v2\/media?parent=6214"}],"curies":[{"name":"wp","href":"https:\/\/api.w.org\/{rel}","templated":true}]}}