{"id":6214,"date":"2022-07-17T13:40:48","date_gmt":"2022-07-17T11:40:48","guid":{"rendered":"http:\/\/jeanmarcbrun.com\/?page_id=6214"},"modified":"2022-11-28T13:55:08","modified_gmt":"2022-11-28T12:55:08","slug":"conditions-dutilisation","status":"publish","type":"page","link":"https:\/\/jeanmarcbrun.com\/es\/conditions-dutilisation\/","title":{"rendered":"T\u00e9rminos de uso"},"content":{"rendered":"<h2 class=\"wp-block-heading\"><br><\/h2>\n\n\n\n<p>Las presentes condiciones de uso tienen por objeto definir las condiciones de acceso y uso del sitio www.jeanmarcbrun.com proporciona a los usuarios de internet.<br>La consulta del sitio www.jeanmarcbrun.com queda sujeta a la aceptaci\u00f3n plena y el cumplimiento de las siguientes condiciones de uso, Jean-Marc Brown se reserva el derecho a modificar o actualizar en cualquier momento. En el caso de que usted no est\u00e1 de acuerdo con todos o parte de los t\u00e9rminos y condiciones de uso que figuran a continuaci\u00f3n, se recomienda encarecidamente que no utilice el sitio.<\/p>\n\n\n\n<h2 class=\"wp-block-heading\">El acceso a la p\u00e1gina web<\/h2>\n\n\n\n<p>El acceso a la p\u00e1gina web www.jeanmarcbrun.com est\u00e1 disponible las 24 h\/24, 7 j\/ 7, salvo en casos de fuerza mayor y sujeto a ninguna de las aver\u00edas y de mantenimiento necesarios para el buen funcionamiento del sitio web y el material relacionado. El acceso al servicio se realiza a partir de un micro-ordenador que est\u00e1 conectado a una red de telecomunicaciones para acceder al sitio www.jeanmarcbrun.com de acuerdo a los protocolos de comunicaci\u00f3n utilizados en Internet.<\/p>\n\n\n\n<h2 class=\"wp-block-heading\">Los derechos de propiedad intelectual<\/h2>\n\n\n\n<h3 class=\"wp-block-heading\">La titularidad de los derechos<\/h3>\n\n\n\n<p>Tous les \u00e9l\u00e9ments (textes, logos, images, \u00e9l\u00e9ments sonores, logiciels, ic\u00f4nes, mise en page, base de donn\u00e9es,\u2026) contenus dans le site www.jeanmarcbrun.com et dans les sites associ\u00e9s sont prot\u00e9g\u00e9s par le droit national et international de la propri\u00e9t\u00e9 intellectuelle. Ces \u00e9l\u00e9ments restent la propri\u00e9t\u00e9 exclusive de Jean-Marc Brun (pour ses photos) ou de leurs ayants droits respectifs.<\/p>\n\n\n\n<p>\u00c0 ce titre, sauf autorisation pr\u00e9alable et \u00e9crite de Jean-Marc Brun, vous ne pouvez proc\u00e9der \u00e0 une quelconque reproduction, repr\u00e9sentation, adaptation, traduction et\/ou transformation partielle ou int\u00e9grale, ou un transfert sur un autre site web de tout \u00e9l\u00e9ment composant le site www.jeanmarcbrun.com. Le non-respect de cette interdiction peut constituer un acte de contrefa\u00e7on engageant vos responsabilit\u00e9s civile et p\u00e9nale. Conform\u00e9ment aux dispositions du Code de la propri\u00e9t\u00e9 Intellectuelle, seule est autoris\u00e9e l\u2019utilisation des \u00e9l\u00e9ments composant le site\u00a0www.jeanmarcbrun.com \u00e0 des fins strictement personnelles.<\/p>\n\n\n\n<h3 class=\"wp-block-heading\">Marcas<\/h3>\n\n\n\n<p>Las marcas y logotipos que aparecen en este sitio son presentados por las empresas que las poseen.<br>Cualquier copia, republicaci\u00f3n o redistribuci\u00f3n de los nombres o logotipos, por cualquier medio, sin el permiso previo y por escrito del propietario de que se trate est\u00e9 prohibida por la ley.<\/p>\n\n\n\n<h2 class=\"wp-block-heading\"><\/h2>\n\n\n\n<h2 class=\"wp-block-heading\">Limitaci\u00f3n de responsabilidad<\/h2>\n\n\n\n<h3 class=\"wp-block-heading\">Disposiciones varias<\/h3>\n\n\n\n<p>Jean-Marc Brown se reserva el derecho de editar y\/o eliminar, sin previo aviso, todo o parte de los Servicios.<br>La nulidad en todo o en parte de cualquiera de las disposiciones de estos t\u00e9rminos y condiciones de uso de los t\u00e9rminos de las disposiciones legales o reglamentarias o de una decisi\u00f3n judicial que se ha convertido en definitiva no implicar\u00e1 la nulidad de las dem\u00e1s disposiciones o parte de la disposici\u00f3n es no nulo y sin efecto.<\/p>\n\n\n\n<p>Jean-Marc Brown se reserva el derecho a transferir, a cualquier tercero de su elecci\u00f3n, y en forma alguna, los derechos y obligaciones bajo estos T\u00e9rminos de Uso, usted reconoce y acepta que aceptarlo. Usted reconoce ser informado de la existencia de normas y pr\u00e1cticas en vigor en Internet, conocido bajo el nombre de &#034;Netiqueta&#034;, as\u00ed como los diversos c\u00f3digos de \u00e9tica disponibles en Internet.<\/p>\n\n\n\n<h3 class=\"wp-block-heading\">Ley aplicable y jurisdicci\u00f3n<\/h3>\n\n\n\n<p>Estos t\u00e9rminos de uso se rigen por la ley francesa.<br>Cualquier dificultad en la interpretaci\u00f3n o ejecuci\u00f3n estar\u00e1 sujeta exclusivamente a los tribunales competentes de Par\u00eds.<\/p>","protected":false},"excerpt":{"rendered":"<p>Les pr\u00e9sentes conditions d\u2019utilisation ont pour objet de d\u00e9finir les modalit\u00e9s d\u2019acc\u00e8s et d\u2019utilisation du site www.jeanmarcbrun.com propos\u00e9 aux internautes.La consultation du site&nbsp;www.jeanmarcbrun.com reste subordonn\u00e9e \u00e0 l\u2019acceptation int\u00e9grale et au respect des conditions d\u2019utilisation suivantes que Jean-Marc Brun se r\u00e9serve [&hellip;]<\/p>\n","protected":false},"author":1,"featured_media":0,"parent":0,"menu_order":0,"comment_status":"closed","ping_status":"closed","template":"","meta":{"footnotes":""},"class_list":["post-6214","page","type-page","status-publish","hentry"],"_links":{"self":[{"href":"https:\/\/jeanmarcbrun.com\/es\/wp-json\/wp\/v2\/pages\/6214","targetHints":{"allow":["GET"]}}],"collection":[{"href":"https:\/\/jeanmarcbrun.com\/es\/wp-json\/wp\/v2\/pages"}],"about":[{"href":"https:\/\/jeanmarcbrun.com\/es\/wp-json\/wp\/v2\/types\/page"}],"author":[{"embeddable":true,"href":"https:\/\/jeanmarcbrun.com\/es\/wp-json\/wp\/v2\/users\/1"}],"replies":[{"embeddable":true,"href":"https:\/\/jeanmarcbrun.com\/es\/wp-json\/wp\/v2\/comments?post=6214"}],"version-history":[{"count":4,"href":"https:\/\/jeanmarcbrun.com\/es\/wp-json\/wp\/v2\/pages\/6214\/revisions"}],"predecessor-version":[{"id":7035,"href":"https:\/\/jeanmarcbrun.com\/es\/wp-json\/wp\/v2\/pages\/6214\/revisions\/7035"}],"wp:attachment":[{"href":"https:\/\/jeanmarcbrun.com\/es\/wp-json\/wp\/v2\/media?parent=6214"}],"curies":[{"name":"wp","href":"https:\/\/api.w.org\/{rel}","templated":true}]}}