{"id":3,"date":"2022-07-12T10:04:46","date_gmt":"2022-07-12T08:04:46","guid":{"rendered":"http:\/\/jeanmarcbrun.com\/?page_id=3"},"modified":"2022-07-24T17:47:14","modified_gmt":"2022-07-24T15:47:14","slug":"politique-de-confidentialite","status":"publish","type":"page","link":"https:\/\/jeanmarcbrun.com\/es\/politique-de-confidentialite\/","title":{"rendered":"Pol\u00edtica de privacidad"},"content":{"rendered":"<h2 class=\"wp-block-heading\">\u00bfQui\u00e9nes somos ?<\/h2>\n\n\n\n<p>L\u2019adresse de notre site est\u00a0: http:\/\/jeanmarcbrun.com.<\/p>\n\n\n\n<h2 class=\"wp-block-heading\">Comentarios<\/h2>\n\n\n\n<p><strong class=\"privacy-policy-tutorial\"> <\/strong>Cuando dejas un comentario en nuestro sitio web, los datos introducidos en el formulario de comentarios, as\u00ed como su direcci\u00f3n IP y el agente de usuario de tu navegador se recogen para ayudarnos a detectar el spam de comentarios.<\/p>\n\n\n\n<p>Une cha\u00eene anonymis\u00e9e cr\u00e9\u00e9e \u00e0 partir de votre adresse e-mail (\u00e9galement appel\u00e9e hash) peut \u00eatre envoy\u00e9e au service Gravatar pour v\u00e9rifier si vous utilisez ce dernier. Les clauses de confidentialit\u00e9 du service Gravatar sont disponibles ici&nbsp;: https:\/\/automattic.com\/privacy\/. Apr\u00e8s validation de votre commentaire, votre photo de profil sera visible publiquement \u00e0 cot\u00e9 de votre commentaire.<\/p>\n\n\n\n<h2 class=\"wp-block-heading\">Los medios de comunicaci\u00f3n<\/h2>\n\n\n\n<p><strong class=\"privacy-policy-tutorial\"> <\/strong>Si usted subir im\u00e1genes al sitio web, le recomendamos que evite cargar las im\u00e1genes que contienen EXIF coordenadas GPS. Las personas que visitan tu sitio web se puede descargar y extraer los datos de ubicaci\u00f3n de estas im\u00e1genes.<\/p>\n\n\n\n<h2 class=\"wp-block-heading\">Las Cookies<\/h2>\n\n\n\n<p>Si usted deja un comentario en nuestro sitio web, se le pedir\u00e1 para guardar su nombre, direcci\u00f3n de correo electr\u00f3nico y sitio web las cookies. Es s\u00f3lo para su comodidad, as\u00ed que usted no tiene que introducir esta informaci\u00f3n si se le cae otro comentario m\u00e1s adelante. Estas cookies expiran despu\u00e9s de un a\u00f1o.<\/p>\n\n\n\n<p>Si usted va a la p\u00e1gina de inicio de sesi\u00f3n, las cookies temporales se crear\u00e1n para determinar si su navegador acepta cookies. No contienen datos de car\u00e1cter personal y ser\u00e1n eliminados autom\u00e1ticamente cuando usted cierra su navegador.<\/p>\n\n\n\n<p>Al iniciar la sesi\u00f3n, vamos a poner en su lugar un n\u00famero de cookies para guardar su informaci\u00f3n de inicio de sesi\u00f3n y su pantalla de preferencias. La vida de una cookie de inicio de sesi\u00f3n es de dos d\u00edas, que de una cookie opci\u00f3n de visualizaci\u00f3n es de un a\u00f1o. Si selecciona la opci\u00f3n &#034; remember me &#034;, su cookie de inicio de sesi\u00f3n se mantendr\u00e1 por un per\u00edodo de dos semanas. Si la sesi\u00f3n de su cuenta, el inicio de sesi\u00f3n cookie se elimina.<\/p>\n\n\n\n<p>Mediante la modificaci\u00f3n o la publicaci\u00f3n de una publicaci\u00f3n, una cookie adicional ser\u00e1 guardada en su navegador. Esta cookie no contiene datos de car\u00e1cter personal. Simplemente indica el ID de la publicaci\u00f3n que acaba de editar. Expira despu\u00e9s de un d\u00eda.<\/p>\n\n\n\n<h2 class=\"wp-block-heading\">Incrustado contenido de otros sitios web<\/h2>\n\n\n\n<p><strong class=\"privacy-policy-tutorial\"> <\/strong>Los art\u00edculos en este sitio web puede incluir contenido incrustado (por ejemplo, v\u00eddeos, im\u00e1genes, art\u00edculos...). La incorporada en el contenido de otros sitios se comporta de la misma manera como si el visitante era sobre ese otro sitio web.<\/p>\n\n\n\n<p>Estos sitios web pueden recopilar informaci\u00f3n acerca de usted, el uso de las cookies, incorporar herramientas para el monitoreo de terceros, realizar un seguimiento de sus interacciones con el contenido incrustado si usted tiene una cuenta conectada en su p\u00e1gina web.<\/p>\n\n\n\n<h2 class=\"wp-block-heading\">El uso y la transmisi\u00f3n de sus datos personales<\/h2>\n\n\n\n<p>Si usted solicita un restablecimiento de su contrase\u00f1a, su direcci\u00f3n IP ser\u00e1 incluido en la direcci\u00f3n de correo electr\u00f3nico para restablecer su contrase\u00f1a.<\/p>\n\n\n\n<h2 class=\"wp-block-heading\">Los tiempos de almacenamiento de los datos<\/h2>\n\n\n\n<p>Si dejas un comentario, el comentario y sus metadatos se conservan indefinidamente. Se puede reconocer y aprobar autom\u00e1ticamente las siguientes observaciones en lugar de dejarlas en una cola de moderaci\u00f3n.<\/p>\n\n\n\n<p>Tambi\u00e9n para las cuentas que se registra en nuestro sitio web (si lo hubiere), tambi\u00e9n almacenamos los datos de car\u00e1cter personal indicados en su perfil. Todas las cuentas pueden ver, editar o eliminar su informaci\u00f3n personal en cualquier momento (excepto su nombre de usuario). Los administradores del sitio tambi\u00e9n puede ver y editar la informaci\u00f3n.<\/p>\n\n\n\n<h2 class=\"wp-block-heading\">Qu\u00e9 derechos tiene sobre sus datos<\/h2>\n\n\n\n<p>Si usted tiene una cuenta o si han dejado comentarios en el sitio web, usted puede solicitar para recibir un archivo que contiene todos los datos personales que tenemos sobre usted, incluyendo aquellos que usted nos haya proporcionado. Tambi\u00e9n puede solicitar la supresi\u00f3n de sus datos personales. No toma en cuenta los datos almacenados administrativos, legales o por razones de seguridad.<\/p>\n\n\n\n<h2 class=\"wp-block-heading\">Donde sus datos se env\u00edan<\/h2>\n\n\n\n<p><strong class=\"privacy-policy-tutorial\"> <\/strong>Comentarios de los visitantes puede ser verificada a trav\u00e9s de un sistema automatizado de detecci\u00f3n de spam en los comentarios.<\/p>","protected":false},"excerpt":{"rendered":"<p>Qui sommes-nous&nbsp;? L\u2019adresse de notre site est\u00a0: http:\/\/jeanmarcbrun.com. Commentaires Quand vous laissez un commentaire sur notre site, les donn\u00e9es inscrites dans le formulaire de commentaire, ainsi que votre adresse IP et l\u2019agent utilisateur de votre navigateur sont collect\u00e9s pour nous [&hellip;]<\/p>\n","protected":false},"author":1,"featured_media":0,"parent":0,"menu_order":0,"comment_status":"closed","ping_status":"closed","template":"","meta":{"footnotes":""},"class_list":["post-3","page","type-page","status-publish","hentry"],"_links":{"self":[{"href":"https:\/\/jeanmarcbrun.com\/es\/wp-json\/wp\/v2\/pages\/3","targetHints":{"allow":["GET"]}}],"collection":[{"href":"https:\/\/jeanmarcbrun.com\/es\/wp-json\/wp\/v2\/pages"}],"about":[{"href":"https:\/\/jeanmarcbrun.com\/es\/wp-json\/wp\/v2\/types\/page"}],"author":[{"embeddable":true,"href":"https:\/\/jeanmarcbrun.com\/es\/wp-json\/wp\/v2\/users\/1"}],"replies":[{"embeddable":true,"href":"https:\/\/jeanmarcbrun.com\/es\/wp-json\/wp\/v2\/comments?post=3"}],"version-history":[{"count":3,"href":"https:\/\/jeanmarcbrun.com\/es\/wp-json\/wp\/v2\/pages\/3\/revisions"}],"predecessor-version":[{"id":6726,"href":"https:\/\/jeanmarcbrun.com\/es\/wp-json\/wp\/v2\/pages\/3\/revisions\/6726"}],"wp:attachment":[{"href":"https:\/\/jeanmarcbrun.com\/es\/wp-json\/wp\/v2\/media?parent=3"}],"curies":[{"name":"wp","href":"https:\/\/api.w.org\/{rel}","templated":true}]}}