{"id":6214,"date":"2022-07-17T13:40:48","date_gmt":"2022-07-17T11:40:48","guid":{"rendered":"http:\/\/jeanmarcbrun.com\/?page_id=6214"},"modified":"2022-11-28T13:55:08","modified_gmt":"2022-11-28T12:55:08","slug":"conditions-dutilisation","status":"publish","type":"page","link":"https:\/\/jeanmarcbrun.com\/en\/conditions-dutilisation\/","title":{"rendered":"Terms of use"},"content":{"rendered":"<h2 class=\"wp-block-heading\"><br><\/h2>\n\n\n\n<p>The present conditions of use are intended to define the terms of access to and use of the site www.jeanmarcbrun.com provided to internet users.<br>The consultation of the site www.jeanmarcbrun.com remains subject to the full acceptance and compliance with the following terms of use as Jean-Marc Brown reserves the right to modify or update at any time. In the event that you do not agree with all or part of the terms and conditions of use set out below, it is strongly recommended that you do not use the site.<\/p>\n\n\n\n<h2 class=\"wp-block-heading\">Access to the website<\/h2>\n\n\n\n<p>Access to the website www.jeanmarcbrun.com is available 24 h\/24, 7 j\/ 7, except in cases of force majeure and subject to any breakdowns and maintenance necessary for the proper functioning of the website and related material. Access to the service is made from a micro-computer that is connected to a telecommunications network to access the site www.jeanmarcbrun.com according to the communication protocols used on the Internet.<\/p>\n\n\n\n<h2 class=\"wp-block-heading\">Intellectual property rights<\/h2>\n\n\n\n<h3 class=\"wp-block-heading\">Ownership of rights<\/h3>\n\n\n\n<p>Tous les \u00e9l\u00e9ments (textes, logos, images, \u00e9l\u00e9ments sonores, logiciels, ic\u00f4nes, mise en page, base de donn\u00e9es,\u2026) contenus dans le site www.jeanmarcbrun.com et dans les sites associ\u00e9s sont prot\u00e9g\u00e9s par le droit national et international de la propri\u00e9t\u00e9 intellectuelle. Ces \u00e9l\u00e9ments restent la propri\u00e9t\u00e9 exclusive de Jean-Marc Brun (pour ses photos) ou de leurs ayants droits respectifs.<\/p>\n\n\n\n<p>\u00c0 ce titre, sauf autorisation pr\u00e9alable et \u00e9crite de Jean-Marc Brun, vous ne pouvez proc\u00e9der \u00e0 une quelconque reproduction, repr\u00e9sentation, adaptation, traduction et\/ou transformation partielle ou int\u00e9grale, ou un transfert sur un autre site web de tout \u00e9l\u00e9ment composant le site www.jeanmarcbrun.com. Le non-respect de cette interdiction peut constituer un acte de contrefa\u00e7on engageant vos responsabilit\u00e9s civile et p\u00e9nale. Conform\u00e9ment aux dispositions du Code de la propri\u00e9t\u00e9 Intellectuelle, seule est autoris\u00e9e l\u2019utilisation des \u00e9l\u00e9ments composant le site\u00a0www.jeanmarcbrun.com \u00e0 des fins strictement personnelles.<\/p>\n\n\n\n<h3 class=\"wp-block-heading\">Brands<\/h3>\n\n\n\n<p>The trademarks and logos displayed on this site are submitted by the companies that own them.<br>Any copying, republication or redistribution of names or logos, by any means whatsoever, without the prior written permission of the owner concerned is prohibited by law.<\/p>\n\n\n\n<h2 class=\"wp-block-heading\"><\/h2>\n\n\n\n<h2 class=\"wp-block-heading\">Limitation of liability<\/h2>\n\n\n\n<h3 class=\"wp-block-heading\">Miscellaneous provisions<\/h3>\n\n\n\n<p>Jean-Marc Brown reserves the right to edit and\/or remove, without notice, any or part of the Services.<br>The invalidity in whole or in part of any of the provisions of these terms of use the terms of a legal or regulatory provisions or a court decision that has become final shall not involve the nullity of the other provisions or part of the provision is non-null and void.<\/p>\n\n\n\n<p>Jean-Marc Brown reserves the right to transfer, to any third party of its choice, and in any form whatsoever, the rights and obligations under this Terms of Use, you acknowledge and agree to accept it. You acknowledge that you be informed of the existence of rules and practices in force on the Internet, known under the name of &#034;Netiquette&#034; as well as the various codes of ethics available on the Internet.<\/p>\n\n\n\n<h3 class=\"wp-block-heading\">Applicable Law and jurisdiction<\/h3>\n\n\n\n<p>These terms of use are governed by French law.<br>Any difficulty in the interpretation or execution shall be exclusively subject to the competent courts of Paris.<\/p>","protected":false},"excerpt":{"rendered":"<p>Les pr\u00e9sentes conditions d\u2019utilisation ont pour objet de d\u00e9finir les modalit\u00e9s d\u2019acc\u00e8s et d\u2019utilisation du site www.jeanmarcbrun.com propos\u00e9 aux internautes.La consultation du site&nbsp;www.jeanmarcbrun.com reste subordonn\u00e9e \u00e0 l\u2019acceptation int\u00e9grale et au respect des conditions d\u2019utilisation suivantes que Jean-Marc Brun se r\u00e9serve [&hellip;]<\/p>\n","protected":false},"author":1,"featured_media":0,"parent":0,"menu_order":0,"comment_status":"closed","ping_status":"closed","template":"","meta":{"footnotes":""},"class_list":["post-6214","page","type-page","status-publish","hentry"],"_links":{"self":[{"href":"https:\/\/jeanmarcbrun.com\/en\/wp-json\/wp\/v2\/pages\/6214","targetHints":{"allow":["GET"]}}],"collection":[{"href":"https:\/\/jeanmarcbrun.com\/en\/wp-json\/wp\/v2\/pages"}],"about":[{"href":"https:\/\/jeanmarcbrun.com\/en\/wp-json\/wp\/v2\/types\/page"}],"author":[{"embeddable":true,"href":"https:\/\/jeanmarcbrun.com\/en\/wp-json\/wp\/v2\/users\/1"}],"replies":[{"embeddable":true,"href":"https:\/\/jeanmarcbrun.com\/en\/wp-json\/wp\/v2\/comments?post=6214"}],"version-history":[{"count":4,"href":"https:\/\/jeanmarcbrun.com\/en\/wp-json\/wp\/v2\/pages\/6214\/revisions"}],"predecessor-version":[{"id":7035,"href":"https:\/\/jeanmarcbrun.com\/en\/wp-json\/wp\/v2\/pages\/6214\/revisions\/7035"}],"wp:attachment":[{"href":"https:\/\/jeanmarcbrun.com\/en\/wp-json\/wp\/v2\/media?parent=6214"}],"curies":[{"name":"wp","href":"https:\/\/api.w.org\/{rel}","templated":true}]}}