{"id":3,"date":"2022-07-12T10:04:46","date_gmt":"2022-07-12T08:04:46","guid":{"rendered":"http:\/\/jeanmarcbrun.com\/?page_id=3"},"modified":"2022-07-24T17:47:14","modified_gmt":"2022-07-24T15:47:14","slug":"politique-de-confidentialite","status":"publish","type":"page","link":"https:\/\/jeanmarcbrun.com\/en\/politique-de-confidentialite\/","title":{"rendered":"Privacy policy"},"content":{"rendered":"<h2 class=\"wp-block-heading\">Who are we ?<\/h2>\n\n\n\n<p>L\u2019adresse de notre site est\u00a0: http:\/\/jeanmarcbrun.com.<\/p>\n\n\n\n<h2 class=\"wp-block-heading\">Comments<\/h2>\n\n\n\n<p><strong class=\"privacy-policy-tutorial\"> <\/strong>When you leave a comment on our website, the data entered in the comment form, as well as your IP address and user agent of your browser are collected to help us detect comment spam.<\/p>\n\n\n\n<p>Une cha\u00eene anonymis\u00e9e cr\u00e9\u00e9e \u00e0 partir de votre adresse e-mail (\u00e9galement appel\u00e9e hash) peut \u00eatre envoy\u00e9e au service Gravatar pour v\u00e9rifier si vous utilisez ce dernier. Les clauses de confidentialit\u00e9 du service Gravatar sont disponibles ici&nbsp;: https:\/\/automattic.com\/privacy\/. Apr\u00e8s validation de votre commentaire, votre photo de profil sera visible publiquement \u00e0 cot\u00e9 de votre commentaire.<\/p>\n\n\n\n<h2 class=\"wp-block-heading\">Media<\/h2>\n\n\n\n<p><strong class=\"privacy-policy-tutorial\"> <\/strong>If you upload images to the website, we advise you to avoid uploading images containing EXIF GPS coordinates. The people visiting your website can download and extract location data from these images.<\/p>\n\n\n\n<h2 class=\"wp-block-heading\">Cookies<\/h2>\n\n\n\n<p>If you drop a comment on our website, you will be asked to save your name, email address and website in cookies. It&#039;s only for your comfort so you do not have to enter this information if you drop another comment later. These cookies expire after one year.<\/p>\n\n\n\n<p>If you go to the login page, a temporary cookie will be created to determine if your browser accepts cookies. It does not contain any personal data and will be deleted automatically when you close your browser.<\/p>\n\n\n\n<p>When you log in, we will put in place a number of cookies to save your login information and your preferences screen. The lifetime of a login cookie is two days, that of a cookie display option is one year. If you select &#034; remember me &#034;, your login cookie will be retained for a period of two weeks. If you log out of your account, the login cookie will be deleted.<\/p>\n\n\n\n<p>By modifying or publishing a publication, an additional cookie will be saved in your browser. This cookie includes no personal data. It simply indicates the ID of the publication you just edited. It expires after one day.<\/p>\n\n\n\n<h2 class=\"wp-block-heading\">Embedded content from other websites<\/h2>\n\n\n\n<p><strong class=\"privacy-policy-tutorial\"> <\/strong>The articles on this site may include embedded content (e.g. videos, images, articles...). The built-in content from other sites behaves in the same way as if the visitor was over that other website.<\/p>\n\n\n\n<p>These websites may collect data about you, use cookies, embed tools for monitoring third-party, keep track of your interactions with such content embedded if you have a connected account on their website.<\/p>\n\n\n\n<h2 class=\"wp-block-heading\">Use and transmission of your personal data<\/h2>\n\n\n\n<p>If you request a reset of your password, your IP address will be included in the e-mail address to reset your password.<\/p>\n\n\n\n<h2 class=\"wp-block-heading\">Storage times of your data<\/h2>\n\n\n\n<p>If you leave a comment, the comment and its metadata are retained indefinitely. It can recognize and automatically approve the following comments instead of leaving them in a queue for moderation.<\/p>\n\n\n\n<p>Also for accounts that register on our website (if any), we also store the personal data indicated in their profile. All accounts can see, edit, or delete their personal information at any time (except their username). The site managers can also see and edit that information.<\/p>\n\n\n\n<h2 class=\"wp-block-heading\">What rights you have over your data<\/h2>\n\n\n\n<p>If you have an account or if you have left comments on the website, you can request to receive a file containing all the personal data that we hold about you, including those that you have provided to us. You can also request the deletion of personal data concerning you. It does not take into account data stored for administrative, legal or security reasons.<\/p>\n\n\n\n<h2 class=\"wp-block-heading\">Where your data is sent<\/h2>\n\n\n\n<p><strong class=\"privacy-policy-tutorial\"> <\/strong>Visitor comments may be checked through an automated detection of spam comments.<\/p>","protected":false},"excerpt":{"rendered":"<p>Qui sommes-nous&nbsp;? L\u2019adresse de notre site est\u00a0: http:\/\/jeanmarcbrun.com. Commentaires Quand vous laissez un commentaire sur notre site, les donn\u00e9es inscrites dans le formulaire de commentaire, ainsi que votre adresse IP et l\u2019agent utilisateur de votre navigateur sont collect\u00e9s pour nous [&hellip;]<\/p>\n","protected":false},"author":1,"featured_media":0,"parent":0,"menu_order":0,"comment_status":"closed","ping_status":"closed","template":"","meta":{"footnotes":""},"class_list":["post-3","page","type-page","status-publish","hentry"],"_links":{"self":[{"href":"https:\/\/jeanmarcbrun.com\/en\/wp-json\/wp\/v2\/pages\/3","targetHints":{"allow":["GET"]}}],"collection":[{"href":"https:\/\/jeanmarcbrun.com\/en\/wp-json\/wp\/v2\/pages"}],"about":[{"href":"https:\/\/jeanmarcbrun.com\/en\/wp-json\/wp\/v2\/types\/page"}],"author":[{"embeddable":true,"href":"https:\/\/jeanmarcbrun.com\/en\/wp-json\/wp\/v2\/users\/1"}],"replies":[{"embeddable":true,"href":"https:\/\/jeanmarcbrun.com\/en\/wp-json\/wp\/v2\/comments?post=3"}],"version-history":[{"count":3,"href":"https:\/\/jeanmarcbrun.com\/en\/wp-json\/wp\/v2\/pages\/3\/revisions"}],"predecessor-version":[{"id":6726,"href":"https:\/\/jeanmarcbrun.com\/en\/wp-json\/wp\/v2\/pages\/3\/revisions\/6726"}],"wp:attachment":[{"href":"https:\/\/jeanmarcbrun.com\/en\/wp-json\/wp\/v2\/media?parent=3"}],"curies":[{"name":"wp","href":"https:\/\/api.w.org\/{rel}","templated":true}]}}